{"id":1862,"date":"2025-11-26T12:23:41","date_gmt":"2025-11-26T11:23:41","guid":{"rendered":"https:\/\/ide-code.zonadetest.es\/private-area\/"},"modified":"2025-12-16T14:27:21","modified_gmt":"2025-12-16T13:27:21","slug":"privatbereich","status":"publish","type":"page","link":"https:\/\/ide-code.zonadetest.es\/de\/privatbereich\/","title":{"rendered":"Area privada"},"content":{"rendered":"<p><div class=\"fusion-fullwidth fullwidth-box fusion-builder-row-1 fusion-flex-container has-pattern-background has-mask-background nonhundred-percent-fullwidth non-hundred-percent-height-scrolling boxed-fw\" style=\"--awb-border-radius-top-left:0px;--awb-border-radius-top-right:0px;--awb-border-radius-bottom-right:0px;--awb-border-radius-bottom-left:0px;--awb-padding-top:2.5vh;--awb-padding-bottom:2.5vh;--awb-background-image:linear-gradient(100deg, var(--awb-color4) 60%,var(--awb-custom_color_2) 80%);--awb-flex-wrap:wrap;\" ><div class=\"fusion-builder-row fusion-row fusion-flex-align-items-center fusion-flex-justify-content-center fusion-flex-content-wrap\" style=\"max-width:1185.6px;margin-left: calc(-4% \/ 2 );margin-right: calc(-4% \/ 2 );\"><div class=\"fusion-layout-column fusion_builder_column fusion-builder-column-0 fusion_builder_column_1_1 1_1 fusion-flex-column\" style=\"--awb-bg-size:cover;--awb-width-large:100%;--awb-spacing-right-large:1.92%;--awb-margin-bottom-large:0px;--awb-spacing-left-large:1.92%;--awb-width-medium:100%;--awb-order-medium:0;--awb-spacing-right-medium:1.92%;--awb-spacing-left-medium:1.92%;--awb-width-small:100%;--awb-order-small:0;--awb-spacing-right-small:1.92%;--awb-spacing-left-small:1.92%;\"><div class=\"fusion-column-wrapper fusion-column-has-shadow fusion-flex-justify-content-flex-start fusion-content-layout-column\"><nav class=\"fusion-breadcrumbs fusion-breadcrumbs-1\" style=\"--awb-text-hover-color:var(--awb-color1);--awb-text-color:var(--awb-color2);--awb-breadcrumb-sep:&#039;\/&#039;;\" aria-label=\"Breadcrumb\" id=\"ide-breadcrumb-ap\"><ol class=\"awb-breadcrumb-list\"><li class=\"fusion-breadcrumb-item awb-breadcrumb-sep awb-home\" ><a href=\"https:\/\/ide-code.zonadetest.es\/de\/\" class=\"fusion-breadcrumb-link\"><span >Home<\/span><\/a><\/li><\/ol><\/nav><div class=\"fusion-title title fusion-title-1 fusion-sep-none fusion-title-text fusion-title-size-one\" style=\"--awb-text-color:var(--awb-color1);--awb-margin-bottom:0px;--awb-margin-top-small:10px;--awb-margin-right-small:0px;--awb-margin-bottom-small:10px;--awb-margin-left-small:0px;--awb-font-size:36px;\" id=\"ide-title-ap\"><h1 class=\"fusion-title-heading title-heading-left fusion-responsive-typography-calculated\" style=\"font-family:var(--awb-typography1-font-family);font-weight:var(--awb-typography1-font-weight);font-style:var(--awb-typography1-font-style);margin:0;letter-spacing:var(--awb-typography1-letter-spacing);text-transform:var(--awb-typography1-text-transform);font-size:1em;--fontSize:36;line-height:var(--awb-typography1-line-height);\">Area privada<\/h1><\/div><\/div><\/div><\/div><\/div>\n<div class=\"fusion-fullwidth fullwidth-box fusion-builder-row-2 fusion-flex-container has-pattern-background has-mask-background nonhundred-percent-fullwidth non-hundred-percent-height-scrolling\" style=\"--awb-border-radius-top-left:0px;--awb-border-radius-top-right:0px;--awb-border-radius-bottom-right:0px;--awb-border-radius-bottom-left:0px;--awb-flex-wrap:wrap;\" ><div class=\"fusion-builder-row fusion-row fusion-flex-align-items-stretch fusion-flex-justify-content-center fusion-flex-content-wrap\" style=\"max-width:1185.6px;margin-left: calc(-4% \/ 2 );margin-right: calc(-4% \/ 2 );\"><div class=\"fusion-layout-column fusion_builder_column fusion-builder-column-1 fusion_builder_column_1_2 1_2 fusion-flex-column\" style=\"--awb-bg-size:cover;--awb-width-large:50%;--awb-spacing-right-large:3.84%;--awb-margin-bottom-large:0px;--awb-spacing-left-large:3.84%;--awb-width-medium:50%;--awb-order-medium:0;--awb-spacing-right-medium:3.84%;--awb-spacing-left-medium:3.84%;--awb-width-small:100%;--awb-order-small:0;--awb-spacing-right-small:1.92%;--awb-spacing-left-small:1.92%;\"><div class=\"fusion-column-wrapper fusion-column-has-shadow fusion-flex-justify-content-flex-start fusion-content-layout-column\"><div class=\"fusion-separator fusion-full-width-sep\" style=\"align-self: center;margin-left: auto;margin-right: auto;width:100%;\"><\/div><div class=\"fusion-text fusion-text-1\"><div class=\"ide-form-wrap\">  <form id=\"ide-ajax-login-form\" class=\"ide-ajax-form\" data-action=\"ide_custom_login\">    <h5>Benutzerzugang<\/h5>    <div class=\"ide-form-group\">      <input type=\"email\" name=\"usuario\" id=\"ide_inp_user\" placeholder=\" \" required>      <label for=\"ide_inp_user\">Benutzer<\/label>    <\/div>    <div class=\"ide-form-group\">      <input type=\"password\" name=\"password\" id=\"ide_inp_pass\" placeholder=\" \" required>      <label for=\"ide_inp_pass\">Passwort<\/label>      <span class=\"ide-password-toggle ide-letra-20 dashicons dashicons-visibility\"><\/span>    <\/div>    <div id=\"ide-login-conf\" style=\"display:none; border-top: 1px solid #eee; padding-top: 10px; margin-top: 10px;\">      <p style=\"font-size: 0.9em; margin-bottom: 10px;\">Wir haben einen Best\u00e4tigungscode an Ihre E-Mail-Adresse geschickt, den Sie bitte eingeben, um Ihre Identit\u00e4t zu best\u00e4tigen.<\/p>      <div class=\"ide-form-group\">        <input type=\"text\" name=\"cod_conf\" id=\"ide_inp_conf\" placeholder=\" \">        <label for=\"ide_inp_conf\" class=\"ide-letras-rojas ide-bold\">Best\u00e4tigungscode<\/label>      <\/div>      <p style=\"font-size: 0.9em; margin-bottom: 10px;\">Falls Sie die Best\u00e4tigungs-E-Mail nicht erhalten, fordern Sie diese bitte \u00fcber den folgenden Link erneut an:<br>           <a href=\"#\" id=\"ide-resend-code-link\"> Code erneut senden<\/a> <span id=\"ide-resend-timer\" style=\"display:none; color: #999;\">(<span id=\"ide-resend-seconds\">60<\/span>s)<\/span><\/p>    <\/div>    <div id=\"ide-login-changepass\" style=\"display:none; border-top: 1px solid #eee; padding-top: 10px; margin-top: 10px;\">      <p style=\"font-size: 0.9em; margin-bottom: 10px;\">Sie haben Ihr Passwort seit \u00fcber einem Jahr nicht ge\u00e4ndert.<br>Aus Sicherheitsgr\u00fcnden m\u00fcssen Sie Ihr Passwort \u00e4ndern, um fortfahren zu k\u00f6nnen<\/p>      <p style=\"font-size: 0.9em; margin-bottom: 10px;\">Das Passowort muss zwischen 6 und 15 Zeichen lang sein<\/p>      <div class=\"ide-form-group\">        <input type=\"password\" name=\"pwd_nuevo1\" id=\"ide_inp_pwd1\" placeholder=\" \">        <label for=\"ide_inp_pwd1\">Passwort<\/label>        <span class=\"ide-password-toggle ide-letra-20 dashicons dashicons-visibility\"><\/span>      <\/div>      <div class=\"ide-form-group\">        <input type=\"password\" name=\"pwd_nuevo2\" id=\"ide_inp_pwd2\" placeholder=\" \">        <label for=\"ide_inp_pwd2\">Wiederholen Passwort<\/label>        <span class=\"ide-password-toggle ide-letra-20 dashicons dashicons-visibility\"><\/span>      <\/div>    <\/div>    <button type=\"submit\" class=\"ide-btn fusion-button button-flat fusion-button-default-size button-default fusion-button-default fusion-button-default-span fusion-button-default-type\" data-hover=\"bg_slide_left\"><span class=\"fusion-button-text awb-button__text awb-button__text--default\">Login<\/span> <span class=\"ide-spinner\"><\/span><\/button>    <div id=\"ide-ajax-login-msg\" style=\"margin-top:10px;\"><\/div>    <p style=\"text-align: left; margin-top: 10px;\" class=\"ide-letra-14\"><a href=\"#\" id=\"ide-forgot-pass-link\">Wiederherstellen des Passwortes<\/a><\/p>    <p style=\"text-align: left; margin-top: 5px;\" class=\"ide-letra-14\">Wenn Sie bereits registriert sind, aber noch nicht die EMail mit der Best\u00e4tigung erhalten haben, bitte erneut beantragen. <a href=\"#\" id=\"ide-resend-validation-link\">Hier<\/a><\/p>  <\/form>  <form id=\"ide-ajax-resend-validation-form\" class=\"ide-ajax-form\" data-action=\"ide_custom_resend_validation\" style=\"display:none;\">    <h5>Best\u00e4tigungs-Mail anfordern<\/h5>    <p>In der Folge bitte die EMail angeben, mit der Sie sich registriert haben.:<\/p>    <div class=\"ide-form-group\">      <input type=\"email\" name=\"email\" id=\"ide_inp_val_email\" placeholder=\" \" required>      <label for=\"ide_inp_val_email\">E-Mail<\/label>    <\/div>    <button type=\"submit\" class=\"ide-btn fusion-button button-flat fusion-button-default-size button-default fusion-button-default fusion-button-default-span fusion-button-default-type\" data-hover=\"bg_slide_left\"><span class=\"fusion-button-text awb-button__text awb-button__text--default\">Abschicken<\/span> <span class=\"ide-spinner\"><\/span><\/button>    <div id=\"ide-ajax-validation-msg\" style=\"margin-top:10px;\"><\/div>    <p style=\"text-align: left; margin-top: 10px;\" class=\"ide-letra-14\"><a href=\"#\" class=\"ide-back-login-link\">Zur\u00fcck<\/a><\/p>  <\/form>  <form id=\"ide-ajax-forgot-pass-form\" class=\"ide-ajax-form\" data-action=\"ide_custom_forgot_pass\" style=\"display:none;\">    <h5>Passwort wiederherstellen<\/h5>    <p>Geben Sie bitte Ihre EMail-Adresse an, mit der Sie sich angemeldet hatten und wir schicken Ihnen eine Mail zur Wiederherstellung des Passwortes.<\/p>    <div class=\"ide-form-group\">      <input type=\"email\" name=\"email\" id=\"ide_inp_forgot_email\" placeholder=\" \" required>      <label for=\"ide_inp_forgot_email\">E-Mail<\/label>    <\/div>    <button type=\"submit\" class=\"ide-btn fusion-button button-flat fusion-button-default-size button-default fusion-button-default fusion-button-default-span fusion-button-default-type\" data-hover=\"bg_slide_left\"><span class=\"fusion-button-text awb-button__text awb-button__text--default\">Abschicken<\/span> <span class=\"ide-spinner\"><\/span><\/button>    <div id=\"ide-ajax-forgot-msg\" style=\"margin-top:10px;\"><\/div>    <p style=\"text-align: left; margin-top: 10px;\" class=\"ide-letra-14\"><a href=\"#\" class=\"ide-back-login-link\">Zur\u00fcck<\/a><\/p>  <\/form>  <p style=\"text-align: left; margin-top: 20px;\" class=\"ide-letra-14\">Wenn Sie noch nicht registriert sind, registrieren Sie sich hier: <a href=\"https:\/\/ide-code.zonadetest.es\/de\/reg-form\/\">Hier<\/a><\/p><\/div>\n<\/div><\/div><\/div><\/div><\/div><div class=\"fusion-fullwidth fullwidth-box fusion-builder-row-3 fusion-flex-container has-pattern-background has-mask-background fusion-parallax-none nonhundred-percent-fullwidth non-hundred-percent-height-scrolling\" style=\"--awb-background-position:left center;--awb-border-radius-top-left:0px;--awb-border-radius-top-right:0px;--awb-border-radius-bottom-right:0px;--awb-border-radius-bottom-left:0px;--awb-padding-top:30px;--awb-padding-bottom:30px;--awb-margin-top:30px;--awb-min-height:160px;--awb-background-color:var(--awb-custom_color_1);--awb-background-image:url(&quot;https:\/\/ide-code.zonadetest.es\/wp-content\/uploads\/2025\/09\/ide-diagonal-left-white-bg-scaled.png&quot;);--awb-background-size:850px;--awb-flex-wrap:wrap;\" ><div class=\"fusion-builder-row fusion-row fusion-flex-align-items-center fusion-flex-content-wrap\" style=\"max-width:1185.6px;margin-left: calc(-4% \/ 2 );margin-right: calc(-4% \/ 2 );\"><div class=\"fusion-layout-column fusion_builder_column fusion-builder-column-2 fusion_builder_column_1_1 1_1 fusion-flex-column\" style=\"--awb-bg-size:cover;--awb-width-large:100%;--awb-spacing-right-large:1.92%;--awb-margin-bottom-large:0px;--awb-spacing-left-large:1.92%;--awb-width-medium:100%;--awb-order-medium:0;--awb-spacing-right-medium:1.92%;--awb-spacing-left-medium:1.92%;--awb-width-small:100%;--awb-order-small:0;--awb-spacing-right-small:1.92%;--awb-spacing-left-small:1.92%;\" data-scroll-devices=\"small-visibility,medium-visibility,large-visibility\"><div class=\"fusion-column-wrapper fusion-column-has-shadow fusion-flex-justify-content-space-between fusion-content-layout-row fusion-flex-align-items-center\"><div class=\"fusion-title title fusion-title-2 fusion-sep-none fusion-title-text fusion-title-size-four\" style=\"--awb-margin-top-small:10px;--awb-margin-right-small:0px;--awb-margin-bottom-small:10px;--awb-margin-left-small:0px;--awb-font-size:32px;\"><h4 class=\"fusion-title-heading title-heading-left fusion-responsive-typography-calculated\" style=\"font-family:&quot;Plus Jakarta Sans&quot;;font-style:normal;font-weight:300;margin:0;font-size:1em;--fontSize:32;line-height:1.4;\"><p><span style=\"font-weight: 800;\">Don\u2019t hesitate<\/span><br \/>\nWe\u2019ll help you with whatever you need.<\/p><\/h4><\/div><div ><a class=\"fusion-button button-flat fusion-button-default-size button-default fusion-button-default button-1 fusion-button-default-span fusion-button-default-type\" target=\"_self\" data-hover=\"bg_slide_left\" href=\"https:\/\/ide-code.zonadetest.es\/contact\/\"><span class=\"fusion-button-text awb-button__text awb-button__text--default\">Contact<\/span><\/a><\/div><\/div><\/div><\/div><\/div>\n<\/p>\n","protected":false},"excerpt":{"rendered":"","protected":false},"author":2,"featured_media":0,"parent":0,"menu_order":0,"comment_status":"closed","ping_status":"closed","template":"100-width.php","meta":{"_acf_changed":false,"footnotes":""},"class_list":["post-1862","page","type-page","status-publish","hentry"],"acf":[],"_links":{"self":[{"href":"https:\/\/ide-code.zonadetest.es\/de\/wp-json\/wp\/v2\/pages\/1862","targetHints":{"allow":["GET"]}}],"collection":[{"href":"https:\/\/ide-code.zonadetest.es\/de\/wp-json\/wp\/v2\/pages"}],"about":[{"href":"https:\/\/ide-code.zonadetest.es\/de\/wp-json\/wp\/v2\/types\/page"}],"author":[{"embeddable":true,"href":"https:\/\/ide-code.zonadetest.es\/de\/wp-json\/wp\/v2\/users\/2"}],"replies":[{"embeddable":true,"href":"https:\/\/ide-code.zonadetest.es\/de\/wp-json\/wp\/v2\/comments?post=1862"}],"version-history":[{"count":2,"href":"https:\/\/ide-code.zonadetest.es\/de\/wp-json\/wp\/v2\/pages\/1862\/revisions"}],"predecessor-version":[{"id":1972,"href":"https:\/\/ide-code.zonadetest.es\/de\/wp-json\/wp\/v2\/pages\/1862\/revisions\/1972"}],"wp:attachment":[{"href":"https:\/\/ide-code.zonadetest.es\/de\/wp-json\/wp\/v2\/media?parent=1862"}],"curies":[{"name":"wp","href":"https:\/\/api.w.org\/{rel}","templated":true}]}}